{"id":15,"date":"2015-07-27T20:35:15","date_gmt":"2015-07-27T18:35:15","guid":{"rendered":"http:\/\/pk-torpedo.si\/?page_id=15"},"modified":"2024-11-17T17:01:54","modified_gmt":"2024-11-17T16:01:54","slug":"prijavnica","status":"publish","type":"page","link":"https:\/\/pk-torpedo.si\/?page_id=15","title":{"rendered":"E-prijava"},"content":{"rendered":"<div class=\"wpb-content-wrapper\"><p>[vc_row][vc_column][vc_column_text]<\/p>\n<div>\n<div>[\/vc_column_text][\/vc_column][\/vc_row][vc_row][vc_column][vc_tta_tabs active_section=&#8221;1&#8243;][vc_tta_section title=&#8221;Plavalna \u0161ola&#8221; tab_id=&#8221;1471455761501-535e7195-60f0&#8243;][vc_column_text]\n<div class=\"wpcf7 no-js\" id=\"wpcf7-f544-o1\" lang=\"sl-SI\" dir=\"ltr\" data-wpcf7-id=\"544\">\n<div class=\"screen-reader-response\"><p role=\"status\" aria-live=\"polite\" aria-atomic=\"true\"><\/p> <ul><\/ul><\/div>\n<form action=\"\/index.php?rest_route=%2Fwp%2Fv2%2Fpages%2F15#wpcf7-f544-o1\" method=\"post\" class=\"wpcf7-form init\" aria-label=\"Kontaktni obrazec\" novalidate=\"novalidate\" data-status=\"init\">\n<fieldset class=\"hidden-fields-container\"><input type=\"hidden\" name=\"_wpcf7\" value=\"544\" \/><input type=\"hidden\" name=\"_wpcf7_version\" value=\"6.1.5\" \/><input type=\"hidden\" name=\"_wpcf7_locale\" value=\"sl_SI\" \/><input type=\"hidden\" name=\"_wpcf7_unit_tag\" value=\"wpcf7-f544-o1\" \/><input type=\"hidden\" name=\"_wpcf7_container_post\" value=\"0\" \/><input type=\"hidden\" name=\"_wpcf7_posted_data_hash\" value=\"\" \/>\n<\/fieldset>\n<p>ime in priimek otroka (obvezno):\n<\/p>\n<p><span class=\"wpcf7-form-control-wrap\" data-name=\"your-name\"><input size=\"40\" maxlength=\"400\" class=\"wpcf7-form-control wpcf7-text wpcf7-validates-as-required\" aria-required=\"true\" aria-invalid=\"false\" value=\"\" type=\"text\" name=\"your-name\" \/><\/span>\n<\/p>\n<p>Letnik in datum rojstva (obvezno):\n<\/p>\n<p><span class=\"wpcf7-form-control-wrap\" data-name=\"date-808\"><input class=\"wpcf7-form-control wpcf7-date wpcf7-validates-as-required wpcf7-validates-as-date\" aria-required=\"true\" aria-invalid=\"false\" value=\"\" type=\"date\" name=\"date-808\" \/><\/span>\n<\/p>\n<p>Naslov (obvezno):\n<\/p>\n<p><span class=\"wpcf7-form-control-wrap\" data-name=\"textarea-577\"><textarea cols=\"40\" rows=\"10\" maxlength=\"2000\" class=\"wpcf7-form-control wpcf7-textarea wpcf7-validates-as-required\" aria-required=\"true\" aria-invalid=\"false\" name=\"textarea-577\"><\/textarea><\/span>\n<\/p>\n<p>E-po\u0161ta (obvezno):\n<\/p>\n<p><span class=\"wpcf7-form-control-wrap\" data-name=\"your-email\"><input size=\"40\" maxlength=\"400\" class=\"wpcf7-form-control wpcf7-email wpcf7-validates-as-required wpcf7-text wpcf7-validates-as-email\" aria-required=\"true\" aria-invalid=\"false\" value=\"\" type=\"email\" name=\"your-email\" \/><\/span>\n<\/p>\n<p>Telefon:\n<\/p>\n<p><span class=\"wpcf7-form-control-wrap\" data-name=\"tel-165\"><input size=\"40\" maxlength=\"400\" class=\"wpcf7-form-control wpcf7-tel wpcf7-text wpcf7-validates-as-tel\" aria-invalid=\"false\" value=\"\" type=\"tel\" name=\"tel-165\" \/><\/span>\n<\/p>\n<p>Va\u0161a ocena znanja plavanja (obvezno):\n<\/p>\n<p><span class=\"wpcf7-form-control-wrap\" data-name=\"menu-182\"><select class=\"wpcf7-form-control wpcf7-select wpcf7-validates-as-required\" aria-required=\"true\" aria-invalid=\"false\" name=\"menu-182\"><option value=\"Boji se vode, izogiba se stika z njo\">Boji se vode, izogiba se stika z njo<\/option><option value=\"Prilagojen na vodo (potopi glavo in se v vodi igra)\">Prilagojen na vodo (potopi glavo in se v vodi igra)<\/option><option value=\"Se obdr\u017ei na vodi do 5m (\u017eabica)\">Se obdr\u017ei na vodi do 5m (\u017eabica)<\/option><option value=\"Plava do 15m vsaj eno tehniko (hrbtno, prsno, kravl)\">Plava do 15m vsaj eno tehniko (hrbtno, prsno, kravl)<\/option><option value=\"Plava vsaj eno tehniko 25m (Hrbtno, prsno, kravl)\">Plava vsaj eno tehniko 25m (Hrbtno, prsno, kravl)<\/option><option value=\"Plava vse tri tehnike 25 m\">Plava vse tri tehnike 25 m<\/option><\/select><\/span>\n<\/p>\n<p>Posebnosti (alergije, kroni\u010dna obolenja, po\u0161kodbe):\n<\/p>\n<p><span class=\"wpcf7-form-control-wrap\" data-name=\"textarea-489\"><textarea cols=\"40\" rows=\"10\" maxlength=\"2000\" class=\"wpcf7-form-control wpcf7-textarea\" aria-invalid=\"false\" name=\"textarea-489\"><\/textarea><\/span>\n<\/p>\n<p>Termin (ozna\u010dite samo pri izbranem programu):\n<\/p>\n<p>Plavalna \u0161ola (ozna\u010di dneve - lahko jih je ve\u010d) starost 3-8:\n<\/p>\n<p><span class=\"wpcf7-form-control-wrap\" data-name=\"checkbox-932\"><span class=\"wpcf7-form-control wpcf7-checkbox\" id=\"zamik\"><span class=\"wpcf7-list-item first\"><input type=\"checkbox\" name=\"checkbox-932[]\" value=\"Ponedeljek (16.00 - 17.00)-termin je zaseden\" \/><span class=\"wpcf7-list-item-label\">Ponedeljek (16.00 - 17.00)-termin je zaseden<\/span><\/span><span class=\"wpcf7-list-item\"><input type=\"checkbox\" name=\"checkbox-932[]\" value=\"Torek (16.00 - 17.00)\" \/><span class=\"wpcf7-list-item-label\">Torek (16.00 - 17.00)<\/span><\/span><span class=\"wpcf7-list-item\"><input type=\"checkbox\" name=\"checkbox-932[]\" value=\"Sreda (16.00 - 17.00)\" \/><span class=\"wpcf7-list-item-label\">Sreda (16.00 - 17.00)<\/span><\/span><span class=\"wpcf7-list-item last\"><input type=\"checkbox\" name=\"checkbox-932[]\" value=\"\u010cetrtek (16.00 - 17.00)-termin je zaseden\" \/><span class=\"wpcf7-list-item-label\">\u010cetrtek (16.00 - 17.00)-termin je zaseden<\/span><\/span><\/span><\/span>\n<\/p>\n<p>Nadaljevalna plavalna \u0161ola (ozna\u010di dneve - lahko jih je ve\u010d) starost 6-10:\n<\/p>\n<p><span class=\"wpcf7-form-control-wrap\" data-name=\"checkbox-311\"><span class=\"wpcf7-form-control wpcf7-checkbox\"><span class=\"wpcf7-list-item first\"><input type=\"checkbox\" name=\"checkbox-311[]\" value=\"Ponedeljek (16.00-17.00)\" \/><span class=\"wpcf7-list-item-label\">Ponedeljek (16.00-17.00)<\/span><\/span><span class=\"wpcf7-list-item\"><input type=\"checkbox\" name=\"checkbox-311[]\" value=\"Torek (15.00 - 16.00)\" \/><span class=\"wpcf7-list-item-label\">Torek (15.00 - 16.00)<\/span><\/span><span class=\"wpcf7-list-item\"><input type=\"checkbox\" name=\"checkbox-311[]\" value=\"Torek (16.00 - 17.00)\" \/><span class=\"wpcf7-list-item-label\">Torek (16.00 - 17.00)<\/span><\/span><span class=\"wpcf7-list-item\"><input type=\"checkbox\" name=\"checkbox-311[]\" value=\"Sreda (16.00-17.00)\" \/><span class=\"wpcf7-list-item-label\">Sreda (16.00-17.00)<\/span><\/span><span class=\"wpcf7-list-item\"><input type=\"checkbox\" name=\"checkbox-311[]\" value=\"\u010cetrtek (16.00-17.00)-termin je zaseden\" \/><span class=\"wpcf7-list-item-label\">\u010cetrtek (16.00-17.00)-termin je zaseden<\/span><\/span><span class=\"wpcf7-list-item\"><input type=\"checkbox\" name=\"checkbox-311[]\" value=\"\u010cetrtek (17.00-18.00)\" \/><span class=\"wpcf7-list-item-label\">\u010cetrtek (17.00-18.00)<\/span><\/span><span class=\"wpcf7-list-item last\"><input type=\"checkbox\" name=\"checkbox-311[]\" value=\"Petek (16.00-17.00)\" \/><span class=\"wpcf7-list-item-label\">Petek (16.00-17.00)<\/span><\/span><\/span><\/span>\n<\/p>\n<p>Rekreacija (ozna\u010di dneve - lahko jih je ve\u010d) starost 8-15:\n<\/p>\n<p><span class=\"wpcf7-form-control-wrap\" data-name=\"checkbox-569\"><span class=\"wpcf7-form-control wpcf7-checkbox\"><span class=\"wpcf7-list-item first\"><input type=\"checkbox\" name=\"checkbox-569[]\" value=\"Torek (15.00-16.00)\" \/><span class=\"wpcf7-list-item-label\">Torek (15.00-16.00)<\/span><\/span><span class=\"wpcf7-list-item\"><input type=\"checkbox\" name=\"checkbox-569[]\" value=\"\u010cetrtek (16.00-17.00)-termin je zaseden\" \/><span class=\"wpcf7-list-item-label\">\u010cetrtek (16.00-17.00)-termin je zaseden<\/span><\/span><span class=\"wpcf7-list-item\"><input type=\"checkbox\" name=\"checkbox-569[]\" value=\"\u010cetrtek (17.00-18.00)\" \/><span class=\"wpcf7-list-item-label\">\u010cetrtek (17.00-18.00)<\/span><\/span><span class=\"wpcf7-list-item last\"><input type=\"checkbox\" name=\"checkbox-569[]\" value=\"Petek (16.00-17.00)\" \/><span class=\"wpcf7-list-item-label\">Petek (16.00-17.00)<\/span><\/span><\/span><\/span>\n<\/p>\n<p><span class=\"wpcf7-form-control-wrap\" data-name=\"acceptance-737\"><span class=\"wpcf7-form-control wpcf7-acceptance\"><span class=\"wpcf7-list-item\"><label><input type=\"checkbox\" name=\"acceptance-737\" value=\"1\" aria-invalid=\"false\" \/><span class=\"wpcf7-list-item-label\">Strinjam se s <a href=\"https:\/\/pk-torpedo.si\/?page_id=1514\" style=\"color:#AAAAAA\">splo\u0161nimi pogoji<\/a><\/span><\/label><\/span><\/span><\/span><br \/>\n<span class=\"wpcf7-form-control-wrap\" data-name=\"acceptance-738\"><span class=\"wpcf7-form-control wpcf7-acceptance\"><span class=\"wpcf7-list-item\"><label><input type=\"checkbox\" name=\"acceptance-738\" value=\"1\" aria-invalid=\"false\" \/><span class=\"wpcf7-list-item-label\">Strinjam se z <a href=\"https:\/\/pk-torpedo.si\/?page_id=1517\" style=\"color:#AAAAAA\">varovanjem osebnih podatkov (GDPR)<\/a><\/span><\/label><\/span><\/span><\/span>\n<\/p>\n<p><input class=\"wpcf7-form-control wpcf7-submit has-spinner\" type=\"submit\" value=\"Po\u0161lji\" \/>\n<\/p><p style=\"display: none !important;\" class=\"akismet-fields-container\" data-prefix=\"_wpcf7_ak_\"><label>&#916;<textarea name=\"_wpcf7_ak_hp_textarea\" cols=\"45\" rows=\"8\" maxlength=\"100\"><\/textarea><\/label><input type=\"hidden\" id=\"ak_js_1\" name=\"_wpcf7_ak_js\" value=\"222\"\/><script>document.getElementById( \"ak_js_1\" ).setAttribute( \"value\", ( new Date() ).getTime() );<\/script><\/p><div class=\"wpcf7-response-output\" aria-hidden=\"true\"><\/div>\n<\/form>\n<\/div>\n[\/vc_column_text][\/vc_tta_section][vc_tta_section title=&#8221;Rekreacija&#8221; tab_id=&#8221;1471455761546-fe3958b1-c6ec&#8221;][vc_column_text]\n<div class=\"wpcf7 no-js\" id=\"wpcf7-f4-o2\" lang=\"sl-SI\" dir=\"ltr\" data-wpcf7-id=\"4\">\n<div class=\"screen-reader-response\"><p role=\"status\" aria-live=\"polite\" aria-atomic=\"true\"><\/p> <ul><\/ul><\/div>\n<form action=\"\/index.php?rest_route=%2Fwp%2Fv2%2Fpages%2F15#wpcf7-f4-o2\" method=\"post\" class=\"wpcf7-form init\" aria-label=\"Kontaktni obrazec\" novalidate=\"novalidate\" data-status=\"init\">\n<fieldset class=\"hidden-fields-container\"><input type=\"hidden\" name=\"_wpcf7\" value=\"4\" \/><input type=\"hidden\" name=\"_wpcf7_version\" value=\"6.1.5\" \/><input type=\"hidden\" name=\"_wpcf7_locale\" value=\"sl_SI\" \/><input type=\"hidden\" name=\"_wpcf7_unit_tag\" value=\"wpcf7-f4-o2\" \/><input type=\"hidden\" name=\"_wpcf7_container_post\" value=\"0\" \/><input type=\"hidden\" name=\"_wpcf7_posted_data_hash\" value=\"\" \/>\n<\/fieldset>\n<p>ime in priimek (obvezno):\n<\/p>\n<p><span class=\"wpcf7-form-control-wrap\" data-name=\"your-name\"><input size=\"40\" maxlength=\"400\" class=\"wpcf7-form-control wpcf7-text wpcf7-validates-as-required\" aria-required=\"true\" aria-invalid=\"false\" value=\"\" type=\"text\" name=\"your-name\" \/><\/span>\n<\/p>\n<p>Letnik in datum rojstva:\n<\/p>\n<p><span class=\"wpcf7-form-control-wrap\" data-name=\"date-808\"><input class=\"wpcf7-form-control wpcf7-date wpcf7-validates-as-date\" aria-invalid=\"false\" value=\"\" type=\"date\" name=\"date-808\" \/><\/span>\n<\/p>\n<p>Naslov (obvezno):\n<\/p>\n<p><span class=\"wpcf7-form-control-wrap\" data-name=\"textarea-577\"><textarea cols=\"40\" rows=\"10\" maxlength=\"2000\" class=\"wpcf7-form-control wpcf7-textarea wpcf7-validates-as-required\" aria-required=\"true\" aria-invalid=\"false\" name=\"textarea-577\"><\/textarea><\/span>\n<\/p>\n<p>E-po\u0161ta (obvezno):\n<\/p>\n<p><span class=\"wpcf7-form-control-wrap\" data-name=\"your-email\"><input size=\"40\" maxlength=\"400\" class=\"wpcf7-form-control wpcf7-email wpcf7-validates-as-required wpcf7-text wpcf7-validates-as-email\" aria-required=\"true\" aria-invalid=\"false\" value=\"\" type=\"email\" name=\"your-email\" \/><\/span>\n<\/p>\n<p>Telefon:\n<\/p>\n<p><span class=\"wpcf7-form-control-wrap\" data-name=\"tel-165\"><input size=\"40\" maxlength=\"400\" class=\"wpcf7-form-control wpcf7-tel wpcf7-text wpcf7-validates-as-tel\" aria-invalid=\"false\" value=\"\" type=\"tel\" name=\"tel-165\" \/><\/span>\n<\/p>\n<p>Va\u0161a ocena znanja plavanja (obvezno):\n<\/p>\n<p><span class=\"wpcf7-form-control-wrap\" data-name=\"menu-182\"><select class=\"wpcf7-form-control wpcf7-select wpcf7-validates-as-required\" aria-required=\"true\" aria-invalid=\"false\" name=\"menu-182\"><option value=\"Boji se vode, izogiba se stika z njo\">Boji se vode, izogiba se stika z njo<\/option><option value=\"Prilagojen na vodo\">Prilagojen na vodo<\/option><option value=\"Se obdr\u017ei na vodi do 5m (\u017eabica)\">Se obdr\u017ei na vodi do 5m (\u017eabica)<\/option><option value=\"Plava do 15m vsaj eno tehniko (hrbtno, prsno, kravl)\">Plava do 15m vsaj eno tehniko (hrbtno, prsno, kravl)<\/option><option value=\"Plava vsaj eno tehniko 25m (Hrbtno, prsno, kravl)\">Plava vsaj eno tehniko 25m (Hrbtno, prsno, kravl)<\/option><option value=\"Plava vse tri tehnike 25 m\">Plava vse tri tehnike 25 m<\/option><\/select><\/span>\n<\/p>\n<p>Posebnosti (alergije, kroni\u010dna obolenja, po\u0161kodbe):\n<\/p>\n<p><span class=\"wpcf7-form-control-wrap\" data-name=\"textarea-489\"><textarea cols=\"40\" rows=\"10\" maxlength=\"2000\" class=\"wpcf7-form-control wpcf7-textarea\" aria-invalid=\"false\" name=\"textarea-489\"><\/textarea><\/span>\n<\/p>\n<p>Termin:\n<\/p>\n<p>Rekreacija (ozna\u010di dneve - lahko jih je ve\u010d):\n<\/p>\n<p><span class=\"wpcf7-form-control-wrap\" data-name=\"checkbox-469\"><span class=\"wpcf7-form-control wpcf7-checkbox\"><span class=\"wpcf7-list-item first\"><input type=\"checkbox\" name=\"checkbox-469[]\" value=\"Torek (6.00-7.00) - termin je zaseden\" \/><span class=\"wpcf7-list-item-label\">Torek (6.00-7.00) - termin je zaseden<\/span><\/span><span class=\"wpcf7-list-item\"><input type=\"checkbox\" name=\"checkbox-469[]\" value=\"\u010cetrtek (6.00-7.00)\" \/><span class=\"wpcf7-list-item-label\">\u010cetrtek (6.00-7.00)<\/span><\/span><span class=\"wpcf7-list-item\"><input type=\"checkbox\" name=\"checkbox-469[]\" value=\"\u010cetrtek (18.00-19.00)\" \/><span class=\"wpcf7-list-item-label\">\u010cetrtek (18.00-19.00)<\/span><\/span><span class=\"wpcf7-list-item last\"><input type=\"checkbox\" name=\"checkbox-469[]\" value=\"Petek (19.00-20.00)\" \/><span class=\"wpcf7-list-item-label\">Petek (19.00-20.00)<\/span><\/span><\/span><\/span>\n<\/p>\n<p><span class=\"wpcf7-form-control-wrap\" data-name=\"acceptance-739\"><span class=\"wpcf7-form-control wpcf7-acceptance\"><span class=\"wpcf7-list-item\"><label><input type=\"checkbox\" name=\"acceptance-739\" value=\"1\" aria-invalid=\"false\" \/><span class=\"wpcf7-list-item-label\">Strinjam se s <a href=\"https:\/\/pk-torpedo.si\/?page_id=1514\" style=\"color:#AAAAAA\">splo\u0161nimi pogoji<\/a><\/span><\/label><\/span><\/span><\/span><br \/>\n<span class=\"wpcf7-form-control-wrap\" data-name=\"acceptance-740\"><span class=\"wpcf7-form-control wpcf7-acceptance\"><span class=\"wpcf7-list-item\"><label><input type=\"checkbox\" name=\"acceptance-740\" value=\"1\" aria-invalid=\"false\" \/><span class=\"wpcf7-list-item-label\">Strinjam se z <a href=\"https:\/\/pk-torpedo.si\/?page_id=1517\" style=\"color:#AAAAAA\">varovanjem osebnih podatkov (GDPR)<\/a><\/span><\/label><\/span><\/span><\/span>\n<\/p>\n<p><input class=\"wpcf7-form-control wpcf7-submit has-spinner\" type=\"submit\" value=\"Po\u0161lji\" \/>\n<\/p><p style=\"display: none !important;\" class=\"akismet-fields-container\" data-prefix=\"_wpcf7_ak_\"><label>&#916;<textarea name=\"_wpcf7_ak_hp_textarea\" cols=\"45\" rows=\"8\" maxlength=\"100\"><\/textarea><\/label><input type=\"hidden\" id=\"ak_js_2\" name=\"_wpcf7_ak_js\" value=\"231\"\/><script>document.getElementById( \"ak_js_2\" ).setAttribute( \"value\", ( new Date() ).getTime() );<\/script><\/p><div class=\"wpcf7-response-output\" aria-hidden=\"true\"><\/div>\n<\/form>\n<\/div>\n[\/vc_column_text][\/vc_tta_section][vc_tta_section title=&#8221;Poletni te\u010daji&#8221; tab_id=&#8221;1620736947518-bf9fcea9-665e&#8221;][vc_column_text]\n<div class=\"wpcf7 no-js\" id=\"wpcf7-f1329-o3\" lang=\"sl-SI\" dir=\"ltr\" data-wpcf7-id=\"1329\">\n<div class=\"screen-reader-response\"><p role=\"status\" aria-live=\"polite\" aria-atomic=\"true\"><\/p> <ul><\/ul><\/div>\n<form action=\"\/index.php?rest_route=%2Fwp%2Fv2%2Fpages%2F15#wpcf7-f1329-o3\" method=\"post\" class=\"wpcf7-form init\" aria-label=\"Kontaktni obrazec\" novalidate=\"novalidate\" data-status=\"init\">\n<fieldset class=\"hidden-fields-container\"><input type=\"hidden\" name=\"_wpcf7\" value=\"1329\" \/><input type=\"hidden\" name=\"_wpcf7_version\" value=\"6.1.5\" \/><input type=\"hidden\" name=\"_wpcf7_locale\" value=\"sl_SI\" \/><input type=\"hidden\" name=\"_wpcf7_unit_tag\" value=\"wpcf7-f1329-o3\" \/><input type=\"hidden\" name=\"_wpcf7_container_post\" value=\"0\" \/><input type=\"hidden\" name=\"_wpcf7_posted_data_hash\" value=\"\" \/>\n<\/fieldset>\n<p>ime in priimek otroka (obvezno):\n<\/p>\n<p><span class=\"wpcf7-form-control-wrap\" data-name=\"your-name\"><input size=\"40\" maxlength=\"400\" class=\"wpcf7-form-control wpcf7-text\" aria-invalid=\"false\" value=\"\" type=\"text\" name=\"your-name\" \/><\/span>\n<\/p>\n<p>Letnik in datum rojstva (obvezno):\n<\/p>\n<p><span class=\"wpcf7-form-control-wrap\" data-name=\"date-808\"><input class=\"wpcf7-form-control wpcf7-date wpcf7-validates-as-date\" aria-invalid=\"false\" value=\"\" type=\"date\" name=\"date-808\" \/><\/span>\n<\/p>\n<p>Naslov (obvezno):\n<\/p>\n<p><span class=\"wpcf7-form-control-wrap\" data-name=\"textarea-577\"><textarea cols=\"40\" rows=\"10\" maxlength=\"2000\" class=\"wpcf7-form-control wpcf7-textarea\" aria-invalid=\"false\" name=\"textarea-577\"><\/textarea><\/span>\n<\/p>\n<p>E-po\u0161ta (obvezno):\n<\/p>\n<p><span class=\"wpcf7-form-control-wrap\" data-name=\"your-email\"><input size=\"40\" maxlength=\"400\" class=\"wpcf7-form-control wpcf7-email wpcf7-text wpcf7-validates-as-email\" aria-invalid=\"false\" value=\"\" type=\"email\" name=\"your-email\" \/><\/span>\n<\/p>\n<p>Telefon:\n<\/p>\n<p><span class=\"wpcf7-form-control-wrap\" data-name=\"tel-165\"><input size=\"40\" maxlength=\"400\" class=\"wpcf7-form-control wpcf7-tel wpcf7-text wpcf7-validates-as-tel\" aria-invalid=\"false\" value=\"\" type=\"tel\" name=\"tel-165\" \/><\/span>\n<\/p>\n<p>Va\u0161a ocena znanja plavanja (obvezno):\n<\/p>\n<p><span class=\"wpcf7-form-control-wrap\" data-name=\"menu-182\"><select class=\"wpcf7-form-control wpcf7-select wpcf7-validates-as-required\" aria-required=\"true\" aria-invalid=\"false\" name=\"menu-182\"><option value=\"Boji se vode, izogiba se stika z njo\">Boji se vode, izogiba se stika z njo<\/option><option value=\"Prilagojen na vodo (potopi glavo in se v vodi igra)\">Prilagojen na vodo (potopi glavo in se v vodi igra)<\/option><option value=\"Se obdr\u017ei na vodi do 5m (\u017eabica)\">Se obdr\u017ei na vodi do 5m (\u017eabica)<\/option><option value=\"Plava do 15m vsaj eno tehniko (hrbtno, prsno, kravl)\">Plava do 15m vsaj eno tehniko (hrbtno, prsno, kravl)<\/option><option value=\"Plava vsaj eno tehniko 25m (Hrbtno, prsno, kravl)\">Plava vsaj eno tehniko 25m (Hrbtno, prsno, kravl)<\/option><option value=\"Plava vse tri tehnike 25 m\">Plava vse tri tehnike 25 m<\/option><\/select><\/span>\n<\/p>\n<p>Posebnosti (alergije, kroni\u010dna obolenja, po\u0161kodbe):\n<\/p>\n<p><span class=\"wpcf7-form-control-wrap\" data-name=\"textarea-489\"><textarea cols=\"40\" rows=\"10\" maxlength=\"2000\" class=\"wpcf7-form-control wpcf7-textarea\" aria-invalid=\"false\" name=\"textarea-489\"><\/textarea><\/span>\n<\/p>\n<p>Termin (ozna\u010dite samo pri izbranem programu):\n<\/p>\n<p>Poletni te\u010daj 5 urni (ozna\u010di termin):\n<\/p>\n<p><span class=\"wpcf7-form-control-wrap\" data-name=\"checkbox-214\"><span class=\"wpcf7-form-control wpcf7-checkbox\"><span class=\"wpcf7-list-item first\"><input type=\"checkbox\" name=\"checkbox-214[]\" value=\"1. termin (15.6.-19.6.) 16.00 do 17.00\" \/><span class=\"wpcf7-list-item-label\">1. termin (15.6.-19.6.) 16.00 do 17.00<\/span><\/span><span class=\"wpcf7-list-item\"><input type=\"checkbox\" name=\"checkbox-214[]\" value=\"1. termin (15.6.-19.6.) 17.00 do 18.00\" \/><span class=\"wpcf7-list-item-label\">1. termin (15.6.-19.6.) 17.00 do 18.00<\/span><\/span><span class=\"wpcf7-list-item\"><input type=\"checkbox\" name=\"checkbox-214[]\" value=\"2. termin (22.6.-26.6.) 16.00 do 17.00\" \/><span class=\"wpcf7-list-item-label\">2. termin (22.6.-26.6.) 16.00 do 17.00<\/span><\/span><span class=\"wpcf7-list-item last\"><input type=\"checkbox\" name=\"checkbox-214[]\" value=\"2. termin (22.6.-26.6.) 17.00 do 18.00\" \/><span class=\"wpcf7-list-item-label\">2. termin (22.6.-26.6.) 17.00 do 18.00<\/span><\/span><\/span><\/span>\n<\/p>\n<p>Poletni te\u010daj 10 urni (ozna\u010di termin):\n<\/p>\n<p><span class=\"wpcf7-form-control-wrap\" data-name=\"checkbox-314\"><span class=\"wpcf7-form-control wpcf7-checkbox\"><span class=\"wpcf7-list-item first\"><input type=\"checkbox\" name=\"checkbox-314[]\" value=\"1. termin (15.6.-26.6.) 16.00 do 17.00\" \/><span class=\"wpcf7-list-item-label\">1. termin (15.6.-26.6.) 16.00 do 17.00<\/span><\/span><span class=\"wpcf7-list-item last\"><input type=\"checkbox\" name=\"checkbox-314[]\" value=\"1. termin (15.6.-26.6.) 17.00 do 18.00\" \/><span class=\"wpcf7-list-item-label\">1. termin (15.6.-26.6.) 17.00 do 18.00<\/span><\/span><\/span><\/span>\n<\/p>\n<p><span class=\"wpcf7-form-control-wrap\" data-name=\"acceptance-737\"><span class=\"wpcf7-form-control wpcf7-acceptance\"><span class=\"wpcf7-list-item\"><label><input type=\"checkbox\" name=\"acceptance-737\" value=\"1\" aria-invalid=\"false\" \/><span class=\"wpcf7-list-item-label\">Strinjam se s <a href=\"https:\/\/pk-torpedo.si\/?page_id=1514\" style=\"color:#AAAAAA\">splo\u0161nimi pogoji<\/a><\/span><\/label><\/span><\/span><\/span><br \/>\n<span class=\"wpcf7-form-control-wrap\" data-name=\"acceptance-738\"><span class=\"wpcf7-form-control wpcf7-acceptance\"><span class=\"wpcf7-list-item\"><label><input type=\"checkbox\" name=\"acceptance-738\" value=\"1\" aria-invalid=\"false\" \/><span class=\"wpcf7-list-item-label\">Strinjam se z <a href=\"https:\/\/pk-torpedo.si\/?page_id=1517\" style=\"color:#AAAAAA\">varovanjem osebnih podatkov (GDPR)<\/a><\/span><\/label><\/span><\/span><\/span>\n<\/p>\n<p><input class=\"wpcf7-form-control wpcf7-submit has-spinner\" type=\"submit\" value=\"Po\u0161lji\" \/>\n<\/p><p style=\"display: none !important;\" class=\"akismet-fields-container\" data-prefix=\"_wpcf7_ak_\"><label>&#916;<textarea name=\"_wpcf7_ak_hp_textarea\" cols=\"45\" rows=\"8\" maxlength=\"100\"><\/textarea><\/label><input type=\"hidden\" id=\"ak_js_3\" name=\"_wpcf7_ak_js\" value=\"231\"\/><script>document.getElementById( \"ak_js_3\" ).setAttribute( \"value\", ( new Date() ).getTime() );<\/script><\/p><div class=\"wpcf7-response-output\" aria-hidden=\"true\"><\/div>\n<\/form>\n<\/div>\n[\/vc_column_text][\/vc_tta_section][vc_tta_section title=&#8221;Telovadba&#8221; tab_id=&#8221;1471455761546-fe3958b1-c6ed&#8221;][vc_column_text]Trenutno ne izvajamo telovadbe[\/vc_column_text][\/vc_tta_section][\/vc_tta_tabs][\/vc_column][\/vc_row][vc_row][vc_column][vc_column_text]<\/div>\n<\/div>\n\n<div class=\"wp-block-columns has-2-columns is-layout-flex wp-container-core-columns-is-layout-9d6595d7 wp-block-columns-is-layout-flex\">\n<div class=\"wp-block-column is-layout-flow wp-block-column-is-layout-flow\"><\/div>\n<p><br \/>\n<\/p>\n<div class=\"wp-block-column is-layout-flow wp-block-column-is-layout-flow\"><\/div>\n<p><\/div>\n<p>[\/vc_column_text][\/vc_column][\/vc_row]<\/p>\n<\/div>","protected":false},"excerpt":{"rendered":"<p class=\"card-text\">[vc_row][vc_column][vc_column_text] [\/vc_column_text][\/vc_column][\/vc_row][vc_row][vc_column][vc_tta_tabs active_section=&#8221;1&#8243;][vc_tta_section title=&#8221;Plavalna \u0161ola&#8221; tab_id=&#8221;1471455761501-535e7195-60f0&#8243;][vc_column_text][\/vc_column_text][\/vc_tta_section][vc_tta_section title=&#8221;Rekreacija&#8221; tab_id=&#8221;1471455761546-fe3958b1-c6ec&#8221;][vc_column_text][\/vc_column_text][\/vc_tta_section][vc_tta_section title=&#8221;Poletni te\u010daji&#8221; tab_id=&#8221;1620736947518-bf9fcea9-665e&#8221;][vc_column_text][\/vc_column_text][\/vc_tta_section][vc_tta_section title=&#8221;Telovadba&#8221; tab_id=&#8221;1471455761546-fe3958b1-c6ed&#8221;][vc_column_text]Trenutno ne izvajamo telovadbe[\/vc_column_text][\/vc_tta_section][\/vc_tta_tabs][\/vc_column][\/vc_row][vc_row][vc_column][vc_column_text] [\/vc_column_text][\/vc_column][\/vc_row] [&#8230;]<\/p>\n<p class=\"m-0\"><a class=\"btn btn-outline-secondary btn-read-more\" href=\"https:\/\/pk-torpedo.si\/?page_id=15\">Read More<\/a><\/p>\n","protected":false},"author":1,"featured_media":0,"parent":0,"menu_order":0,"comment_status":"closed","ping_status":"closed","template":"","meta":{"footnotes":""},"class_list":["post-15","page","type-page","status-publish","hentry"],"_links":{"self":[{"href":"https:\/\/pk-torpedo.si\/index.php?rest_route=\/wp\/v2\/pages\/15","targetHints":{"allow":["GET"]}}],"collection":[{"href":"https:\/\/pk-torpedo.si\/index.php?rest_route=\/wp\/v2\/pages"}],"about":[{"href":"https:\/\/pk-torpedo.si\/index.php?rest_route=\/wp\/v2\/types\/page"}],"author":[{"embeddable":true,"href":"https:\/\/pk-torpedo.si\/index.php?rest_route=\/wp\/v2\/users\/1"}],"replies":[{"embeddable":true,"href":"https:\/\/pk-torpedo.si\/index.php?rest_route=%2Fwp%2Fv2%2Fcomments&post=15"}],"version-history":[{"count":20,"href":"https:\/\/pk-torpedo.si\/index.php?rest_route=\/wp\/v2\/pages\/15\/revisions"}],"predecessor-version":[{"id":1547,"href":"https:\/\/pk-torpedo.si\/index.php?rest_route=\/wp\/v2\/pages\/15\/revisions\/1547"}],"wp:attachment":[{"href":"https:\/\/pk-torpedo.si\/index.php?rest_route=%2Fwp%2Fv2%2Fmedia&parent=15"}],"curies":[{"name":"wp","href":"https:\/\/api.w.org\/{rel}","templated":true}]}}