{"id":1514,"date":"2023-08-11T11:16:51","date_gmt":"2023-08-11T09:16:51","guid":{"rendered":"http:\/\/pk-torpedo.si\/?page_id=1514"},"modified":"2023-08-11T11:16:52","modified_gmt":"2023-08-11T09:16:52","slug":"splosni-pogoji-sodelovanja","status":"publish","type":"page","link":"https:\/\/pk-torpedo.si\/?page_id=1514","title":{"rendered":"SPLO\u0160NI POGOJI SODELOVANJA:"},"content":{"rendered":"\n<p>V veljavi od 01.08.2023.<br><br><strong>Splo\u0161ni pogoji in navodila za organizacijo in izvajanje \u0161portne vadbe ter&nbsp;<\/strong><strong>trena\u017enega procesa&nbsp;<\/strong><strong>(v nadaljevanju \u201cSplo\u0161ni pogoji\u201d)&nbsp;<\/strong><strong>Plavalnega kluba Torpedo Ljubljana<\/strong>, Sloven\u010deva cesta 24, 1000 Ljubljana (v nadaljevanju PK Torpedo) so sestavni del pogodbe oz. prijavnice, ki jo skleneta PK Torpedo in udele\u017eenec programa oz. v njegovem ali njenem imenu star\u0161 ali skrbnik, v vsakem primeru pa pla\u010dnik programa (v nadaljevanju \u00bbudele\u017eenec\u00ab). V primeru dodatnih pogojev, dolo\u010dil ali sprememb na izbranem vadbenem programu, veljajo poleg spodaj navedenih pogojev tudi tisti, ki so navedeni v prijavnici oz. pogodbi.&nbsp;<br><br><strong>Splo\u0161ni Pogoji:<\/strong><\/p>\n\n\n\n<p>\u010clanarine za vade\u010de v programih, ki niso tekmovalni (torej tekmovalnih selekcijah), ni. Polo\u017enico prejmete po elektronskem naslovu navedenem na prijavnici do 15. v mesecu za teko\u010de tri mesece, rok pla\u010dila pa je 10 dni. Vadnina je tromese\u010dna, zato so obroki enaki za vsake tri mesece ne glede na razli\u010dno \u0161tevilo ur (v sezoni so trije obroki). V \u010dasu \u0161olskih po\u010ditnic in uradnih praznikov vadba odpade, \u010de je praznik v tednu ko so ostali dnevi delovni, se lahko ta dan v dogovoru z u\u010ditelji nadomesti. Zaradi praznikov in po\u010ditnic se mese\u010dni prispevek za vadbo ne spremeni. Na vadbo se vsak udele\u017eenec lahko prijavi preko spletnega obrazca in je za rezervacijo mesta dol\u017ean poravnati predra\u010dun vadbe v roku naveden v obrazcu, poslanem preko e-mail naslova (akontacija zna\u0161a ena tromese\u010dna vadnina, ki je namenjena vadbi v prvih treh mesecih). Zamujene ure programa lahko nadome\u0161\u010date v drugem terminu s predhodnim obvestilom in v primeru, da je termin prost, PK Torpedo pa se zavezuje, da bomo v teko\u010di sezoni zagotovili mo\u017enost nadome\u0161\u010danja.&nbsp;<br>Vadnino pa je mogo\u010de na va\u0161o \u017eeljo poravnati v emkratnem znesku za celotno sezono od oktobra do&nbsp;&nbsp;konca junija.&nbsp;<br><br><strong>Cenik<\/strong><\/p>\n\n\n\n<p>Cene so objavljene na za\u010detku sezone na na\u0161i spletni strani pod posameznimi programi in se skozi sezono ne spreminjajo. Cene so izra\u017eene v evrih (\u20ac). PK Torpedo lahko mese\u010dno, tedensko ali dnevno pripravi akcijske ponudbe (popuste), ki so na razpolago glede na razpolo\u017eljivost mest in trajanje akcijske ponudbe.<br><br><strong>Odstopi in vra\u010dila<\/strong><\/p>\n\n\n\n<p>Prispevek tromese\u010dne vadnine se ne spremeni, v kolikor se vade\u010di ne udele\u017ei vadbe zaradi osebnih razlogov (potovanja, te\u010daji, izleti) oz. bolezni. Vadbo lahko v primeru odsotnosti nadome\u0161\u010date v drugem terminu ob predhodni prijavi.&nbsp;<strong>Prijava v na\u0161e te\u010daje je zavezujo\u010da za obdobje ene sezone in je ni mogo\u010de odpovedati med sezono (razen v izjemnem primeru \u2013 bolezni z dolgotrajno odsotnostjo in zdravni\u0161kim potrdilom).V primeru, da se sredi sezone odlo\u010dite kon\u010dati z vadbo ste zavezani k pla\u010dilu celoletne vadnine, saj smo bili sami prisiljeni zavra\u010dati vade\u010de zaradi omejenega \u0161tevila mest.<\/strong><\/p>\n\n\n\n<p><strong>Vsa nadome\u0161\u010danja odsotnosti nam sporo\u010dite na elektronski naslov:&nbsp;<\/strong><a href=\"mailto:info@pk-torpedo.si\"><strong>info@pk-torpedo.si<\/strong><\/a><strong>, prav tako nam na naveden naslov sporo\u010dite dolgotrajno odsotnost.<\/strong>&nbsp;PK Torpedo spo\u0161tuje veljavno zakonodajo o varstvu potro\u0161nikov in si prizadeva, da se morebitni spori re\u0161ijo sporazumno in ne po sodni poti.<\/p>\n\n\n\n<p>\u0160portni pozdrav,&nbsp;<br>ekipa PK Torpedo<\/p>\n","protected":false},"excerpt":{"rendered":"<p class=\"card-text\">V veljavi od 01.08.2023. Splo\u0161ni pogoji in navodila za organizacijo in izvajanje \u0161portne vadbe ter&nbsp;trena\u017enega procesa&nbsp;(v nadaljevanju \u201cSplo\u0161ni pogoji\u201d)&nbsp;Plavalnega kluba Torpedo Ljubljana, Sloven\u010deva cesta 24, 1000 Ljubljana (v nadaljevanju PK [&#8230;]<\/p>\n<p class=\"m-0\"><a class=\"btn btn-outline-secondary btn-read-more\" href=\"https:\/\/pk-torpedo.si\/?page_id=1514\">Read More<\/a><\/p>\n","protected":false},"author":1,"featured_media":0,"parent":0,"menu_order":0,"comment_status":"closed","ping_status":"closed","template":"","meta":{"footnotes":""},"class_list":["post-1514","page","type-page","status-publish","hentry"],"_links":{"self":[{"href":"https:\/\/pk-torpedo.si\/index.php?rest_route=\/wp\/v2\/pages\/1514","targetHints":{"allow":["GET"]}}],"collection":[{"href":"https:\/\/pk-torpedo.si\/index.php?rest_route=\/wp\/v2\/pages"}],"about":[{"href":"https:\/\/pk-torpedo.si\/index.php?rest_route=\/wp\/v2\/types\/page"}],"author":[{"embeddable":true,"href":"https:\/\/pk-torpedo.si\/index.php?rest_route=\/wp\/v2\/users\/1"}],"replies":[{"embeddable":true,"href":"https:\/\/pk-torpedo.si\/index.php?rest_route=%2Fwp%2Fv2%2Fcomments&post=1514"}],"version-history":[{"count":1,"href":"https:\/\/pk-torpedo.si\/index.php?rest_route=\/wp\/v2\/pages\/1514\/revisions"}],"predecessor-version":[{"id":1516,"href":"https:\/\/pk-torpedo.si\/index.php?rest_route=\/wp\/v2\/pages\/1514\/revisions\/1516"}],"wp:attachment":[{"href":"https:\/\/pk-torpedo.si\/index.php?rest_route=%2Fwp%2Fv2%2Fmedia&parent=1514"}],"curies":[{"name":"wp","href":"https:\/\/api.w.org\/{rel}","templated":true}]}}