{"id":523,"date":"2016-08-17T17:13:25","date_gmt":"2016-08-17T15:13:25","guid":{"rendered":"http:\/\/pk-torpedo.si\/?page_id=523"},"modified":"2025-10-20T12:01:54","modified_gmt":"2025-10-20T10:01:54","slug":"plavalna-sola","status":"publish","type":"page","link":"https:\/\/pk-torpedo.si\/?page_id=523","title":{"rendered":"Plavalna \u0161ola"},"content":{"rendered":"<div class=\"wpb-content-wrapper\"><p>[vc_row][vc_column][vc_column_text css=&#8221;.vc_custom_1731855930429{margin-top: 25px !important;}&#8221;]<\/p>\n<h1 align=\"justify\">PROGRAM PLAVALNE \u0160OLE<\/h1>\n<p>Na\u0161a glavna misija v programu plavalne \u0161ole je, da se vsak otrok, ki se nam pridru\u017ei nau\u010di plavati kar se da u\u010dinkovito. U\u010denje plavanja je spretnost povezana s pre\u017eivetjem, ki se je nau\u010dimo za vse \u017eivljenje.<\/p>\n<p>Veliko je mo\u017enosti, ki nam jih plavanje prinese, ali je to le u\u010denje za zabavo ali pa se z njim \u017eelimo ukvarjati s ciljem, da neko\u010d kot uspe\u0161ni plavalci nastopamo na tekmovanjih. Kar koli je tisto kar nas \u017eene, vedno se vse za\u010dne na za\u010detku z osnovami. Otroke spodbujamo, da se nau\u010dijo novih gibalnih sposobnosti, mobilnosti, premikanja v vodi in da spoznajo podvodni svet, vsem osnovam pa sledijo nadaljevalne tehnike (prsno, hrbtno in kravl). Osnove dvigujejo njihovo plavalno samozavest in varnost v vodi.<\/p>\n<p>V na\u0161 program plavalne \u0161ole vklju\u010dujemo otroke stare od 3 let naprej, ki sprva spoznavajo plavalni svet in osvajajo znanje skozi igro. Zavedamo se, da je napredovanje vsakega posameznika njemu lastno, zato so vse vadbene enote prilagojene vnaprej dolo\u010denemu plavalnemu znanju, da lahko mladi plavalci kar se da optimalno napredujejo.<\/p>\n<p>Zelo poudarjamo komunikacijo trener \u2013 star\u0161i \u2013 plavalci, saj se pri svojem delu soo\u010damo z veliko razli\u010dnimi posamezniki, ki so zaklju\u010dena celota in popolnoma druga\u010dni od ostalih, nam pogovor in sodelovanje s celotno ekipo omogo\u010da bolj\u0161e rezultate in napredovanje. \u017delimo si, da v zgodnjem pred\u0161olskem obdobju otroci premagajo strah, ki ga gojijo do gibanja v vodi, in da postanejo samozavestni plavalci, ki v gibanju v vodi u\u017eivajo.<\/p>\n<p>Veselimo se plavanja z vami!<\/p>\n<hr \/>\n<h2 align=\"justify\">URNIK<\/h2>\n<p align=\"justify\">Vse plavalne vadbe se izvajajo na bazenu Fakultete za \u0161port Ljubljana. Program plavalne \u0161ole je namenjen otrokom starim od 3 do 8 leta.<\/p>\n<table width=\"487\" cellspacing=\"0\" cellpadding=\"2\">\n<colgroup>\n<col width=\"117\" \/>\n<col width=\"148\" \/> <\/colgroup>\n<tbody>\n<tr>\n<td width=\"117\"><strong>ponedeljek<\/strong><\/td>\n<td width=\"148\">16.00 \u2013 17.00<\/td>\n<\/tr>\n<tr>\n<td width=\"117\"><strong>torek<\/strong><\/td>\n<td width=\"148\">16.00 \u2013 17.00<\/td>\n<\/tr>\n<tr>\n<td width=\"117\"><strong>sreda<\/strong><\/td>\n<td width=\"148\">16.00 \u2013 17.00<\/td>\n<\/tr>\n<tr>\n<td width=\"117\"><strong>\u010detrtek<\/strong><\/td>\n<td width=\"148\">16.00 \u2013 17.00<\/td>\n<\/tr>\n<tr>\n<td width=\"117\"><strong>petek<\/strong><\/td>\n<td width=\"148\">16.00 \u2013 17.00<\/td>\n<\/tr>\n<\/tbody>\n<\/table>\n<p align=\"justify\">S programom plavalne \u0161ole pri\u010dnemo <strong>v tednu od 22.09. do 26.09.2025 in poteka do tedna od 15.06. do 19.06.2026.<\/strong><\/p>\n<p align=\"justify\">Termini v <strong>ponedeljek <\/strong>in<strong> \u010detrtek od 16.00 do 17.00<\/strong> sta zasedena, mo\u017ena je prijava v \u010dakalno vrsto na elektronski naslov <em>info@pk-torpedo.si<\/em> .<\/p>\n<p align=\"justify\"><strong>Vpis v plavalno \u0161olo je mogo\u010d skozi celo leto.\u00a0<\/strong><\/p>\n<hr \/>\n<h2 align=\"justify\">CENIK<\/h2>\n<p align=\"justify\">Vadnine se bo v sezoni 2025\/2026 pla\u010devalo vsake tri mesece.<\/p>\n<p align=\"justify\">&#8211; enkrat tedensko vadnina za tri mesece: 180\u20ac<\/p>\n<p align=\"justify\">&#8211; dvakrat tedensko vadnina za tri mesece: 240\u20ac<\/p>\n<p align=\"justify\">&#8211; trikrat tedensko vadnina za tri mesece: 285\u20ac<\/p>\n<p align=\"justify\">Drugi otrok v dru\u017eini prejme 20% popusta ter vsak naslednji prav tako (prvi otrok je vedno tisti z najvi\u0161jo ceno, sledijo padajo\u010de).<\/p>\n<p align=\"justify\">Vse cene so v \u20ac.<\/p>\n<p>[\/vc_column_text][\/vc_column][\/vc_row][vc_row][vc_column][vc_btn title=&#8221;Prijavnica&#8221; shape=&#8221;round&#8221; color=&#8221;danger&#8221; link=&#8221;url:http%3A%2F%2Fpk-torpedo.si%2F%3Fpage_id%3D15&#8243;][\/vc_column][\/vc_row]<\/p>\n<\/div>","protected":false},"excerpt":{"rendered":"<p class=\"card-text\">[vc_row][vc_column][vc_column_text css=&#8221;.vc_custom_1731855930429{margin-top: 25px !important;}&#8221;] PROGRAM PLAVALNE \u0160OLE Na\u0161a glavna misija v programu plavalne \u0161ole je, da se vsak otrok, ki se nam pridru\u017ei nau\u010di plavati kar se da u\u010dinkovito. U\u010denje [&#8230;]<\/p>\n<p class=\"m-0\"><a class=\"btn btn-outline-secondary btn-read-more\" href=\"https:\/\/pk-torpedo.si\/?page_id=523\">Read More<\/a><\/p>\n","protected":false},"author":1,"featured_media":0,"parent":520,"menu_order":1,"comment_status":"closed","ping_status":"closed","template":"","meta":{"footnotes":""},"class_list":["post-523","page","type-page","status-publish","hentry"],"_links":{"self":[{"href":"https:\/\/pk-torpedo.si\/index.php?rest_route=\/wp\/v2\/pages\/523","targetHints":{"allow":["GET"]}}],"collection":[{"href":"https:\/\/pk-torpedo.si\/index.php?rest_route=\/wp\/v2\/pages"}],"about":[{"href":"https:\/\/pk-torpedo.si\/index.php?rest_route=\/wp\/v2\/types\/page"}],"author":[{"embeddable":true,"href":"https:\/\/pk-torpedo.si\/index.php?rest_route=\/wp\/v2\/users\/1"}],"replies":[{"embeddable":true,"href":"https:\/\/pk-torpedo.si\/index.php?rest_route=%2Fwp%2Fv2%2Fcomments&post=523"}],"version-history":[{"count":62,"href":"https:\/\/pk-torpedo.si\/index.php?rest_route=\/wp\/v2\/pages\/523\/revisions"}],"predecessor-version":[{"id":1665,"href":"https:\/\/pk-torpedo.si\/index.php?rest_route=\/wp\/v2\/pages\/523\/revisions\/1665"}],"up":[{"embeddable":true,"href":"https:\/\/pk-torpedo.si\/index.php?rest_route=\/wp\/v2\/pages\/520"}],"wp:attachment":[{"href":"https:\/\/pk-torpedo.si\/index.php?rest_route=%2Fwp%2Fv2%2Fmedia&parent=523"}],"curies":[{"name":"wp","href":"https:\/\/api.w.org\/{rel}","templated":true}]}}