{"id":527,"date":"2016-08-17T17:15:06","date_gmt":"2016-08-17T15:15:06","guid":{"rendered":"http:\/\/pk-torpedo.si\/?page_id=527"},"modified":"2025-09-08T11:38:06","modified_gmt":"2025-09-08T09:38:06","slug":"rekreacija-za-otroke-in-mladostnike","status":"publish","type":"page","link":"https:\/\/pk-torpedo.si\/?page_id=527","title":{"rendered":"Rekreacija za otroke in mladostnike"},"content":{"rendered":"<div class=\"wpb-content-wrapper\"><p>[vc_row][vc_column][vc_column_text css=&#8221;.vc_custom_1731856078725{margin-top: 25px !important;}&#8221;]<\/p>\n<h1 align=\"justify\">REKREACIJA ZA OTROKE IN MLADOSTNIKE<\/h1>\n<p align=\"justify\">Rekreativno plavanje za otroke in mladino je namenjeno vsem plavalcem, ki bi si \u017eeleli s plavanjem aktivno popestriti svoj \u0161portni vsakdan, a hkrati nebi \u017eeleli zaplavati v tekmovalne vode. Posve\u010dali se bomo vsem nadaljevalnim plavalnim tehnikam in spremljevalnim plavalnim elementom, kot so obrati in skoki.<\/p>\n<p align=\"justify\">Rekreativni plavalni program je pri nas namenjen nekoliko starej\u0161im in bolj izku\u0161enim plavalcem, ki so osnove \u017ee osvojili in si \u017eelijo svoje znanje plavanja \u0161e nadgraditi. V te programe sprejemamo otroke stare od 8 let naprej, vse mlaj\u0161e pa z veseljem vabimo v plavalno \u0161olo ali pa v nadaljevalno \u0161olo plavanja.<\/p>\n<p align=\"justify\">Program je namenjen otrokom starim od 8 do 15 let.<\/p>\n<hr \/>\n<h2 align=\"justify\">Urnik<\/h2>\n<p align=\"justify\">Vse plavalne vadbe se izvajajo na bazenu Fakultete za \u0161port Ljubljana.<\/p>\n<table width=\"385\" cellspacing=\"0\" cellpadding=\"3\">\n<colgroup>\n<col width=\"103\" \/>\n<col width=\"206\" \/> <\/colgroup>\n<tbody>\n<tr valign=\"bottom\">\n<td width=\"103\" height=\"23\">\n<p align=\"left\"><strong>torek<\/strong><\/p>\n<\/td>\n<td width=\"206\">\n<p align=\"left\">15.00 \u2013 16.00<\/p>\n<\/td>\n<\/tr>\n<tr valign=\"bottom\">\n<td width=\"103\" height=\"23\">\n<p align=\"left\"><strong>\u010detrtek<\/strong><\/p>\n<\/td>\n<td width=\"206\">\n<p align=\"left\">16.00 \u2013 17.00 in 17.00 &#8211; 18.00<\/p>\n<\/td>\n<\/tr>\n<tr valign=\"bottom\">\n<td width=\"103\" height=\"23\">\n<p align=\"left\"><strong>petek<\/strong><\/p>\n<\/td>\n<td width=\"206\">\n<p align=\"left\">16.00 \u2013 17.00<\/p>\n<\/td>\n<\/tr>\n<\/tbody>\n<\/table>\n<p align=\"justify\">S programom rekreacije za otroke in mladostnike pri\u010dnemo v <strong>tednu od 22.09 do 26.09.2025 in poteka do tedna od 15.06 do 19.06.2026.<\/strong><\/p>\n<p align=\"justify\">Termin v <strong>\u010detrtek od 16.00 do 17.00<\/strong> je zaseden, mo\u017ena je prijava v \u010dakalno vrsto na elektronski naslov <em>info@pk-torpedo.si<\/em> .<\/p>\n<p align=\"justify\"><strong>Vpis v rekreacijo za otroke in mladostnike je mogo\u010d skozi celo leto.\u00a0<\/strong><\/p>\n<hr \/>\n<h2 align=\"justify\">Cenik<\/h2>\n<p align=\"justify\">Vadnine se bo v sezoni 2025\/2026 pla\u010devalo vsake tri mesece.<\/p>\n<p align=\"justify\">&#8211; enkrat tedensko vadnina za tri mesece: 180\u20ac<\/p>\n<p align=\"justify\">&#8211; dvakrat tedensko vadnina za tri mesece: 240\u20ac<\/p>\n<p align=\"justify\">&#8211; trikrat tedensko vadnina za tri mesece: 285\u20ac<\/p>\n<p align=\"justify\">Drugi otrok v dru\u017eini prejme 20% popusta ter vsak naslednji prav tako (prvi otrok je vedno tisti z najvi\u0161jo ceno, sledijo padajo\u010de).<\/p>\n<p align=\"justify\">Vse cene so v \u20ac.<\/p>\n<hr \/>\n<p>[\/vc_column_text][\/vc_column][\/vc_row][vc_row][vc_column][vc_btn title=&#8221;Prijavnica&#8221; shape=&#8221;round&#8221; color=&#8221;danger&#8221; link=&#8221;url:http%3A%2F%2Fpk-torpedo.si%2F%3Fpage_id%3D15&#8243;][\/vc_column][\/vc_row]<\/p>\n<\/div>","protected":false},"excerpt":{"rendered":"<p class=\"card-text\">[vc_row][vc_column][vc_column_text css=&#8221;.vc_custom_1731856078725{margin-top: 25px !important;}&#8221;] REKREACIJA ZA OTROKE IN MLADOSTNIKE Rekreativno plavanje za otroke in mladino je namenjeno vsem plavalcem, ki bi si \u017eeleli s plavanjem aktivno popestriti svoj \u0161portni vsakdan, [&#8230;]<\/p>\n<p class=\"m-0\"><a class=\"btn btn-outline-secondary btn-read-more\" href=\"https:\/\/pk-torpedo.si\/?page_id=527\">Read More<\/a><\/p>\n","protected":false},"author":1,"featured_media":0,"parent":520,"menu_order":3,"comment_status":"closed","ping_status":"closed","template":"","meta":{"footnotes":""},"class_list":["post-527","page","type-page","status-publish","hentry"],"_links":{"self":[{"href":"https:\/\/pk-torpedo.si\/index.php?rest_route=\/wp\/v2\/pages\/527","targetHints":{"allow":["GET"]}}],"collection":[{"href":"https:\/\/pk-torpedo.si\/index.php?rest_route=\/wp\/v2\/pages"}],"about":[{"href":"https:\/\/pk-torpedo.si\/index.php?rest_route=\/wp\/v2\/types\/page"}],"author":[{"embeddable":true,"href":"https:\/\/pk-torpedo.si\/index.php?rest_route=\/wp\/v2\/users\/1"}],"replies":[{"embeddable":true,"href":"https:\/\/pk-torpedo.si\/index.php?rest_route=%2Fwp%2Fv2%2Fcomments&post=527"}],"version-history":[{"count":44,"href":"https:\/\/pk-torpedo.si\/index.php?rest_route=\/wp\/v2\/pages\/527\/revisions"}],"predecessor-version":[{"id":1658,"href":"https:\/\/pk-torpedo.si\/index.php?rest_route=\/wp\/v2\/pages\/527\/revisions\/1658"}],"up":[{"embeddable":true,"href":"https:\/\/pk-torpedo.si\/index.php?rest_route=\/wp\/v2\/pages\/520"}],"wp:attachment":[{"href":"https:\/\/pk-torpedo.si\/index.php?rest_route=%2Fwp%2Fv2%2Fmedia&parent=527"}],"curies":[{"name":"wp","href":"https:\/\/api.w.org\/{rel}","templated":true}]}}